{"id":591,"date":"2020-10-09T09:06:30","date_gmt":"2020-10-09T09:06:30","guid":{"rendered":"http:\/\/panziocentrum.hu\/?page_id=591"},"modified":"2022-08-17T14:33:05","modified_gmt":"2022-08-17T13:33:05","slug":"standard-ketagyas-szoba","status":"publish","type":"page","link":"https:\/\/panziocentrum.hu\/?page_id=591","title":{"rendered":"Standard k\u00e9t\u00e1gyas szoba"},"content":{"rendered":"\t\t<div data-elementor-type=\"wp-page\" data-elementor-id=\"591\" class=\"elementor elementor-591\">\n\t\t\t\t\t\t<section class=\"elementor-section elementor-top-section elementor-element elementor-element-56a0e24 elementor-section-boxed elementor-section-height-default elementor-section-height-default\" data-id=\"56a0e24\" data-element_type=\"section\">\n\t\t\t\t\t\t<div class=\"elementor-container elementor-column-gap-default\">\n\t\t\t\t\t<div class=\"elementor-column elementor-col-100 elementor-top-column elementor-element elementor-element-a5e63cc\" data-id=\"a5e63cc\" data-element_type=\"column\">\n\t\t\t<div class=\"elementor-widget-wrap elementor-element-populated\">\n\t\t\t\t\t\t<div class=\"elementor-element elementor-element-1be8bb4 elementor-widget elementor-widget-heading\" data-id=\"1be8bb4\" data-element_type=\"widget\" data-widget_type=\"heading.default\">\n\t\t\t\t<div class=\"elementor-widget-container\">\n\t\t\t\t\t<h2 class=\"elementor-heading-title elementor-size-default\"><h2 style=\"font-style: normal;font-weight: bold;font-size: 24px;line-height: 28px;, sans-serif;margin-bottom: 0px\">Standard k\u00e9t\u00e1gyas szoba<\/h2><\/h2>\t\t\t\t<\/div>\n\t\t\t\t<\/div>\n\t\t\t\t<div class=\"elementor-element elementor-element-66e1092 elementor-arrows-position-inside elementor-pagination-position-outside elementor-widget elementor-widget-image-carousel\" data-id=\"66e1092\" data-element_type=\"widget\" data-settings=\"{&quot;navigation&quot;:&quot;both&quot;,&quot;autoplay&quot;:&quot;yes&quot;,&quot;pause_on_hover&quot;:&quot;yes&quot;,&quot;pause_on_interaction&quot;:&quot;yes&quot;,&quot;autoplay_speed&quot;:5000,&quot;infinite&quot;:&quot;yes&quot;,&quot;speed&quot;:500}\" data-widget_type=\"image-carousel.default\">\n\t\t\t\t<div class=\"elementor-widget-container\">\n\t\t\t\t\t\t\t<div class=\"elementor-image-carousel-wrapper swiper\" role=\"region\" aria-roledescription=\"carousel\" aria-label=\"K\u00e9p k\u00f6rhinta\" dir=\"ltr\">\n\t\t\t<div class=\"elementor-image-carousel swiper-wrapper\" aria-live=\"off\">\n\t\t\t\t\t\t\t\t<div class=\"swiper-slide\" role=\"group\" aria-roledescription=\"slide\" aria-label=\"1 \/ 8\"><figure class=\"swiper-slide-inner\"><img decoding=\"async\" class=\"swiper-slide-image\" src=\"https:\/\/panziocentrum.hu\/wp-content\/uploads\/2020\/10\/121736031_382513792901698_8671610644057236395_n-225x300.jpg\" alt=\"121736031_382513792901698_8671610644057236395_n\" \/><\/figure><\/div><div class=\"swiper-slide\" role=\"group\" aria-roledescription=\"slide\" aria-label=\"2 \/ 8\"><figure class=\"swiper-slide-inner\"><img decoding=\"async\" class=\"swiper-slide-image\" src=\"https:\/\/panziocentrum.hu\/wp-content\/uploads\/2020\/10\/121739560_731133944146450_5320998989428939128_n-225x300.jpg\" alt=\"121739560_731133944146450_5320998989428939128_n\" \/><\/figure><\/div><div class=\"swiper-slide\" role=\"group\" aria-roledescription=\"slide\" aria-label=\"3 \/ 8\"><figure class=\"swiper-slide-inner\"><img decoding=\"async\" class=\"swiper-slide-image\" src=\"https:\/\/panziocentrum.hu\/wp-content\/uploads\/2022\/08\/20220526_142242-300x225.jpg\" alt=\"20220526_142242\" \/><\/figure><\/div><div class=\"swiper-slide\" role=\"group\" aria-roledescription=\"slide\" aria-label=\"4 \/ 8\"><figure class=\"swiper-slide-inner\"><img decoding=\"async\" class=\"swiper-slide-image\" src=\"https:\/\/panziocentrum.hu\/wp-content\/uploads\/2020\/10\/121775089_682433302709692_7016850490652009487_n-225x300.jpg\" alt=\"121775089_682433302709692_7016850490652009487_n\" \/><\/figure><\/div><div class=\"swiper-slide\" role=\"group\" aria-roledescription=\"slide\" aria-label=\"5 \/ 8\"><figure class=\"swiper-slide-inner\"><img decoding=\"async\" class=\"swiper-slide-image\" src=\"https:\/\/panziocentrum.hu\/wp-content\/uploads\/2022\/08\/20220526_142253-225x300.jpg\" alt=\"20220526_142253\" \/><\/figure><\/div><div class=\"swiper-slide\" role=\"group\" aria-roledescription=\"slide\" aria-label=\"6 \/ 8\"><figure class=\"swiper-slide-inner\"><img decoding=\"async\" class=\"swiper-slide-image\" src=\"https:\/\/panziocentrum.hu\/wp-content\/uploads\/2020\/10\/121709491_818783798918662_6116271893532602249_n-225x300.jpg\" alt=\"121709491_818783798918662_6116271893532602249_n\" \/><\/figure><\/div><div class=\"swiper-slide\" role=\"group\" aria-roledescription=\"slide\" aria-label=\"7 \/ 8\"><figure class=\"swiper-slide-inner\"><img decoding=\"async\" class=\"swiper-slide-image\" src=\"https:\/\/panziocentrum.hu\/wp-content\/uploads\/2020\/10\/121720024_418181255834906_9172593704873917391_n-225x300.jpg\" alt=\"121720024_418181255834906_9172593704873917391_n\" \/><\/figure><\/div><div class=\"swiper-slide\" role=\"group\" aria-roledescription=\"slide\" aria-label=\"8 \/ 8\"><figure class=\"swiper-slide-inner\"><img decoding=\"async\" class=\"swiper-slide-image\" src=\"https:\/\/panziocentrum.hu\/wp-content\/uploads\/2020\/11\/felujitott-300x225.jpg\" alt=\"fel\u00faj\u00edtott\" \/><\/figure><\/div>\t\t\t<\/div>\n\t\t\t\t\t\t\t\t\t\t\t\t<div class=\"elementor-swiper-button elementor-swiper-button-prev\" role=\"button\" tabindex=\"0\">\n\t\t\t\t\t\t<i aria-hidden=\"true\" class=\"eicon-chevron-left\"><\/i>\t\t\t\t\t<\/div>\n\t\t\t\t\t<div class=\"elementor-swiper-button elementor-swiper-button-next\" role=\"button\" tabindex=\"0\">\n\t\t\t\t\t\t<i aria-hidden=\"true\" class=\"eicon-chevron-right\"><\/i>\t\t\t\t\t<\/div>\n\t\t\t\t\n\t\t\t\t\t\t\t\t\t<div class=\"swiper-pagination\"><\/div>\n\t\t\t\t\t\t\t\t\t<\/div>\n\t\t\t\t\t\t<\/div>\n\t\t\t\t<\/div>\n\t\t\t\t\t<\/div>\n\t\t<\/div>\n\t\t\t\t\t<\/div>\n\t\t<\/section>\n\t\t\t\t<section class=\"elementor-section elementor-top-section elementor-element elementor-element-16b4515 elementor-section-boxed elementor-section-height-default elementor-section-height-default\" data-id=\"16b4515\" data-element_type=\"section\">\n\t\t\t\t\t\t<div class=\"elementor-container elementor-column-gap-default\">\n\t\t\t\t\t<div class=\"elementor-column elementor-col-100 elementor-top-column elementor-element elementor-element-7cc871d\" data-id=\"7cc871d\" data-element_type=\"column\">\n\t\t\t<div class=\"elementor-widget-wrap elementor-element-populated\">\n\t\t\t\t\t\t<div class=\"elementor-element elementor-element-c0b1d95 elementor-widget elementor-widget-text-editor\" data-id=\"c0b1d95\" data-element_type=\"widget\" data-widget_type=\"text-editor.default\">\n\t\t\t\t<div class=\"elementor-widget-container\">\n\t\t\t\t\t\t\t\t\t<p>Szoba alapter\u00fclete: min. 15 m2.<\/p><p>H\u00e1l\u00f3t\u00e9r(2 f\u0151 r\u00e9sz\u00e9re) <span style=\"font-size: 16px\">2\u00d7 szimlpa \u00e1gy<\/span><\/p>\t\t\t\t\t\t\t\t<\/div>\n\t\t\t\t<\/div>\n\t\t\t\t<div class=\"elementor-element elementor-element-73343ed elementor-widget elementor-widget-text-editor\" data-id=\"73343ed\" data-element_type=\"widget\" data-widget_type=\"text-editor.default\">\n\t\t\t\t<div class=\"elementor-widget-container\">\n\t\t\t\t\t\t\t\t\t<p>Felszerelts\u00e9g:<\/p>\t\t\t\t\t\t\t\t<\/div>\n\t\t\t\t<\/div>\n\t\t\t\t<div class=\"elementor-element elementor-element-05adc13 elementor-widget elementor-widget-text-editor\" data-id=\"05adc13\" data-element_type=\"widget\" data-widget_type=\"text-editor.default\">\n\t\t\t\t<div class=\"elementor-widget-container\">\n\t\t\t\t\t\t\t\t\t<p><span style=\"font-size: 18px\">-Saj\u00e1t f\u00fcrd\u0151szoba zuhanyz\u00f3val<\/span><\/p><p>-Tv, l\u00e9gkondicion\u00e1l\u00f3, ruh\u00e1sszekr\u00e9ny, minib\u00e1r<\/p><p>-Ingyenes Wifi<\/p>\t\t\t\t\t\t\t\t<\/div>\n\t\t\t\t<\/div>\n\t\t\t\t<div class=\"elementor-element elementor-element-a78530d elementor-widget elementor-widget-text-editor\" data-id=\"a78530d\" data-element_type=\"widget\" data-widget_type=\"text-editor.default\">\n\t\t\t\t<div class=\"elementor-widget-container\">\n\t\t\t\t\t\t\t\t\t<p>Reggeli:<\/p>\t\t\t\t\t\t\t\t<\/div>\n\t\t\t\t<\/div>\n\t\t\t\t<div class=\"elementor-element elementor-element-5a7dfe5 elementor-widget elementor-widget-text-editor\" data-id=\"5a7dfe5\" data-element_type=\"widget\" data-widget_type=\"text-editor.default\">\n\t\t\t\t<div class=\"elementor-widget-container\">\n\t\t\t\t\t\t\t\t\t<p><span style=\"font-size: 18px\">-2800 Ft\/f\u0151<\/span><\/p>\n<p>-gyerek kedvezm\u00e9ny (12 \u00e9ves korig): 2000 Ft\/f\u0151&nbsp;<\/p>\n<p>-3 \u00e9ves kor alatt INGYENES<\/p>\t\t\t\t\t\t\t\t<\/div>\n\t\t\t\t<\/div>\n\t\t\t\t<div class=\"elementor-element elementor-element-4e47205 elementor-widget elementor-widget-text-editor\" data-id=\"4e47205\" data-element_type=\"widget\" data-widget_type=\"text-editor.default\">\n\t\t\t\t<div class=\"elementor-widget-container\">\n\t\t\t\t\t\t\t\t\t<p>A szob\u00e1k a reggeli \u00e9s az IFA \u00e1r\u00e1t(400 Ft\/f\u0151\/\u00e9j) NEM tartalmazz\u00e1k!<\/p>\t\t\t\t\t\t\t\t<\/div>\n\t\t\t\t<\/div>\n\t\t\t\t\t<\/div>\n\t\t<\/div>\n\t\t\t\t\t<\/div>\n\t\t<\/section>\n\t\t\t\t<section class=\"elementor-section elementor-top-section elementor-element elementor-element-b4bd3cf elementor-section-boxed elementor-section-height-default elementor-section-height-default\" data-id=\"b4bd3cf\" data-element_type=\"section\">\n\t\t\t\t\t\t<div class=\"elementor-container elementor-column-gap-default\">\n\t\t\t\t\t<div class=\"elementor-column elementor-col-100 elementor-top-column elementor-element elementor-element-5145a8b\" data-id=\"5145a8b\" data-element_type=\"column\">\n\t\t\t<div class=\"elementor-widget-wrap elementor-element-populated\">\n\t\t\t\t\t\t<div class=\"elementor-element elementor-element-42ad2d4 elementor-widget elementor-widget-html\" data-id=\"42ad2d4\" data-element_type=\"widget\" data-widget_type=\"html.default\">\n\t\t\t\t<div class=\"elementor-widget-container\">\n\t\t\t\t\t<div class=\"powr-comments\" id=\"ef266f41_1602492937\"><\/div>\t\t\t\t<\/div>\n\t\t\t\t<\/div>\n\t\t\t\t\t<\/div>\n\t\t<\/div>\n\t\t\t\t\t<\/div>\n\t\t<\/section>\n\t\t\t\t<\/div>\n\t\t","protected":false},"excerpt":{"rendered":"<p>Standard k\u00e9t\u00e1gyas szoba El\u0151z\u0151 K\u00f6vetkez\u0151 Szoba alapter\u00fclete: min. 15 m2. H\u00e1l\u00f3t\u00e9r(2 f\u0151 r\u00e9sz\u00e9re) 2\u00d7 szimlpa \u00e1gy Felszerelts\u00e9g: -Saj\u00e1t f\u00fcrd\u0151szoba zuhanyz\u00f3val -Tv, l\u00e9gkondicion\u00e1l\u00f3, ruh\u00e1sszekr\u00e9ny, minib\u00e1r -Ingyenes Wifi Reggeli: -2800 Ft\/f\u0151 -gyerek kedvezm\u00e9ny (12 \u00e9ves korig): 2000 Ft\/f\u0151&nbsp; -3 \u00e9ves kor alatt INGYENES A szob\u00e1k a reggeli \u00e9s az IFA \u00e1r\u00e1t(400 Ft\/f\u0151\/\u00e9j) NEM tartalmazz\u00e1k!<\/p>\n","protected":false},"author":1,"featured_media":0,"parent":0,"menu_order":0,"comment_status":"closed","ping_status":"closed","template":"","meta":{"site-sidebar-layout":"no-sidebar","site-content-layout":"page-builder","ast-site-content-layout":"default","site-content-style":"default","site-sidebar-style":"default","ast-global-header-display":"","ast-banner-title-visibility":"","ast-main-header-display":"","ast-hfb-above-header-display":"","ast-hfb-below-header-display":"","ast-hfb-mobile-header-display":"","site-post-title":"disabled","ast-breadcrumbs-content":"","ast-featured-img":"disabled","footer-sml-layout":"","theme-transparent-header-meta":"default","adv-header-id-meta":"","stick-header-meta":"","header-above-stick-meta":"","header-main-stick-meta":"","header-below-stick-meta":"","astra-migrate-meta-layouts":"default","ast-page-background-enabled":"default","ast-page-background-meta":{"desktop":{"background-color":"","background-image":"","background-repeat":"repeat","background-position":"center center","background-size":"auto","background-attachment":"scroll","background-type":"","background-media":"","overlay-type":"","overlay-color":"","overlay-opacity":"","overlay-gradient":""},"tablet":{"background-color":"","background-image":"","background-repeat":"repeat","background-position":"center center","background-size":"auto","background-attachment":"scroll","background-type":"","background-media":"","overlay-type":"","overlay-color":"","overlay-opacity":"","overlay-gradient":""},"mobile":{"background-color":"","background-image":"","background-repeat":"repeat","background-position":"center center","background-size":"auto","background-attachment":"scroll","background-type":"","background-media":"","overlay-type":"","overlay-color":"","overlay-opacity":"","overlay-gradient":""}},"ast-content-background-meta":{"desktop":{"background-color":"var(--ast-global-color-5)","background-image":"","background-repeat":"repeat","background-position":"center center","background-size":"auto","background-attachment":"scroll","background-type":"","background-media":"","overlay-type":"","overlay-color":"","overlay-opacity":"","overlay-gradient":""},"tablet":{"background-color":"var(--ast-global-color-5)","background-image":"","background-repeat":"repeat","background-position":"center center","background-size":"auto","background-attachment":"scroll","background-type":"","background-media":"","overlay-type":"","overlay-color":"","overlay-opacity":"","overlay-gradient":""},"mobile":{"background-color":"var(--ast-global-color-5)","background-image":"","background-repeat":"repeat","background-position":"center center","background-size":"auto","background-attachment":"scroll","background-type":"","background-media":"","overlay-type":"","overlay-color":"","overlay-opacity":"","overlay-gradient":""}},"footnotes":""},"class_list":["post-591","page","type-page","status-publish","hentry"],"jetpack_sharing_enabled":true,"_links":{"self":[{"href":"https:\/\/panziocentrum.hu\/index.php?rest_route=\/wp\/v2\/pages\/591","targetHints":{"allow":["GET"]}}],"collection":[{"href":"https:\/\/panziocentrum.hu\/index.php?rest_route=\/wp\/v2\/pages"}],"about":[{"href":"https:\/\/panziocentrum.hu\/index.php?rest_route=\/wp\/v2\/types\/page"}],"author":[{"embeddable":true,"href":"https:\/\/panziocentrum.hu\/index.php?rest_route=\/wp\/v2\/users\/1"}],"replies":[{"embeddable":true,"href":"https:\/\/panziocentrum.hu\/index.php?rest_route=%2Fwp%2Fv2%2Fcomments&post=591"}],"version-history":[{"count":22,"href":"https:\/\/panziocentrum.hu\/index.php?rest_route=\/wp\/v2\/pages\/591\/revisions"}],"predecessor-version":[{"id":1349,"href":"https:\/\/panziocentrum.hu\/index.php?rest_route=\/wp\/v2\/pages\/591\/revisions\/1349"}],"wp:attachment":[{"href":"https:\/\/panziocentrum.hu\/index.php?rest_route=%2Fwp%2Fv2%2Fmedia&parent=591"}],"curies":[{"name":"wp","href":"https:\/\/api.w.org\/{rel}","templated":true}]}}