{"id":601,"date":"2020-10-09T09:08:12","date_gmt":"2020-10-09T09:08:12","guid":{"rendered":"http:\/\/panziocentrum.hu\/?page_id=601"},"modified":"2022-08-17T14:15:35","modified_gmt":"2022-08-17T13:15:35","slug":"grand-apartman","status":"publish","type":"page","link":"https:\/\/panziocentrum.hu\/?page_id=601","title":{"rendered":"Grand apartman"},"content":{"rendered":"\t\t<div data-elementor-type=\"wp-page\" data-elementor-id=\"601\" class=\"elementor elementor-601\">\n\t\t\t\t\t\t<section class=\"elementor-section elementor-top-section elementor-element elementor-element-9d92d81 elementor-section-boxed elementor-section-height-default elementor-section-height-default\" data-id=\"9d92d81\" data-element_type=\"section\">\n\t\t\t\t\t\t<div class=\"elementor-container elementor-column-gap-default\">\n\t\t\t\t\t<div class=\"elementor-column elementor-col-100 elementor-top-column elementor-element elementor-element-789b577\" data-id=\"789b577\" data-element_type=\"column\">\n\t\t\t<div class=\"elementor-widget-wrap elementor-element-populated\">\n\t\t\t\t\t\t<div class=\"elementor-element elementor-element-4bf35d5 elementor-widget elementor-widget-heading\" data-id=\"4bf35d5\" data-element_type=\"widget\" data-widget_type=\"heading.default\">\n\t\t\t\t<div class=\"elementor-widget-container\">\n\t\t\t\t\t<h2 class=\"elementor-heading-title elementor-size-default\"><h2 style=\"font-style: normal;font-weight: bold;font-size: 24px;line-height: 28px;, sans-serif;margin-bottom: 0px\">Grand apartman<\/h2><\/h2>\t\t\t\t<\/div>\n\t\t\t\t<\/div>\n\t\t\t\t\t<\/div>\n\t\t<\/div>\n\t\t\t\t\t<\/div>\n\t\t<\/section>\n\t\t\t\t<section class=\"elementor-section elementor-top-section elementor-element elementor-element-dd71f3d elementor-section-boxed elementor-section-height-default elementor-section-height-default\" data-id=\"dd71f3d\" data-element_type=\"section\">\n\t\t\t\t\t\t<div class=\"elementor-container elementor-column-gap-default\">\n\t\t\t\t\t<div class=\"elementor-column elementor-col-100 elementor-top-column elementor-element elementor-element-d021e68\" data-id=\"d021e68\" data-element_type=\"column\">\n\t\t\t<div class=\"elementor-widget-wrap elementor-element-populated\">\n\t\t\t\t\t\t<div class=\"elementor-element elementor-element-b8c37f6 elementor-arrows-position-inside elementor-pagination-position-outside elementor-widget elementor-widget-image-carousel\" data-id=\"b8c37f6\" data-element_type=\"widget\" data-settings=\"{&quot;navigation&quot;:&quot;both&quot;,&quot;autoplay&quot;:&quot;yes&quot;,&quot;pause_on_hover&quot;:&quot;yes&quot;,&quot;pause_on_interaction&quot;:&quot;yes&quot;,&quot;autoplay_speed&quot;:5000,&quot;infinite&quot;:&quot;yes&quot;,&quot;speed&quot;:500}\" data-widget_type=\"image-carousel.default\">\n\t\t\t\t<div class=\"elementor-widget-container\">\n\t\t\t\t\t\t\t<div class=\"elementor-image-carousel-wrapper swiper\" role=\"region\" aria-roledescription=\"carousel\" aria-label=\"K\u00e9p k\u00f6rhinta\" dir=\"ltr\">\n\t\t\t<div class=\"elementor-image-carousel swiper-wrapper\" aria-live=\"off\">\n\t\t\t\t\t\t\t\t<div class=\"swiper-slide\" role=\"group\" aria-roledescription=\"slide\" aria-label=\"1 \/ 5\"><figure class=\"swiper-slide-inner\"><img decoding=\"async\" class=\"swiper-slide-image\" src=\"https:\/\/panziocentrum.hu\/wp-content\/uploads\/2020\/12\/1_50-300x200.jpg\" alt=\"1_50\" \/><\/figure><\/div><div class=\"swiper-slide\" role=\"group\" aria-roledescription=\"slide\" aria-label=\"2 \/ 5\"><figure class=\"swiper-slide-inner\"><img decoding=\"async\" class=\"swiper-slide-image\" src=\"https:\/\/panziocentrum.hu\/wp-content\/uploads\/2020\/12\/2_50-300x200.jpg\" alt=\"2_50\" \/><\/figure><\/div><div class=\"swiper-slide\" role=\"group\" aria-roledescription=\"slide\" aria-label=\"3 \/ 5\"><figure class=\"swiper-slide-inner\"><img decoding=\"async\" class=\"swiper-slide-image\" src=\"https:\/\/panziocentrum.hu\/wp-content\/uploads\/2020\/12\/3_50-300x200.jpg\" alt=\"3_50\" \/><\/figure><\/div><div class=\"swiper-slide\" role=\"group\" aria-roledescription=\"slide\" aria-label=\"4 \/ 5\"><figure class=\"swiper-slide-inner\"><img decoding=\"async\" class=\"swiper-slide-image\" src=\"https:\/\/panziocentrum.hu\/wp-content\/uploads\/2020\/12\/4_50-300x200.jpg\" alt=\"4_50\" \/><\/figure><\/div><div class=\"swiper-slide\" role=\"group\" aria-roledescription=\"slide\" aria-label=\"5 \/ 5\"><figure class=\"swiper-slide-inner\"><img decoding=\"async\" class=\"swiper-slide-image\" src=\"https:\/\/panziocentrum.hu\/wp-content\/uploads\/2020\/12\/5_50-200x300.jpg\" alt=\"5_50\" \/><\/figure><\/div>\t\t\t<\/div>\n\t\t\t\t\t\t\t\t\t\t\t\t<div class=\"elementor-swiper-button elementor-swiper-button-prev\" role=\"button\" tabindex=\"0\">\n\t\t\t\t\t\t<i aria-hidden=\"true\" class=\"eicon-chevron-left\"><\/i>\t\t\t\t\t<\/div>\n\t\t\t\t\t<div class=\"elementor-swiper-button elementor-swiper-button-next\" role=\"button\" tabindex=\"0\">\n\t\t\t\t\t\t<i aria-hidden=\"true\" class=\"eicon-chevron-right\"><\/i>\t\t\t\t\t<\/div>\n\t\t\t\t\n\t\t\t\t\t\t\t\t\t<div class=\"swiper-pagination\"><\/div>\n\t\t\t\t\t\t\t\t\t<\/div>\n\t\t\t\t\t\t<\/div>\n\t\t\t\t<\/div>\n\t\t\t\t<div class=\"elementor-element elementor-element-316b341 elementor-widget elementor-widget-text-editor\" data-id=\"316b341\" data-element_type=\"widget\" data-widget_type=\"text-editor.default\">\n\t\t\t\t<div class=\"elementor-widget-container\">\n\t\t\t\t\t\t\t\t\t<p style=\"font-size: 19px;font-style: normal;font-weight: 900;font-family: Georgia, sans-serif;letter-spacing: 1.5px;text-align: center\">Szoba alapter\u00fclete: min. 40 m2.<\/p>\n<p style=\"font-size: 19px;font-style: normal;font-weight: 900;font-family: Georgia, sans-serif;letter-spacing: 1.5px;text-align: center\">3 h\u00e1l\u00f3r\u00e9sz(6 f\u0151 r\u00e9sz\u00e9re)<\/p>\t\t\t\t\t\t\t\t<\/div>\n\t\t\t\t<\/div>\n\t\t\t\t<div class=\"elementor-element elementor-element-82b145f elementor-widget elementor-widget-text-editor\" data-id=\"82b145f\" data-element_type=\"widget\" data-widget_type=\"text-editor.default\">\n\t\t\t\t<div class=\"elementor-widget-container\">\n\t\t\t\t\t\t\t\t\t<p>Felszerelt\u00e9g:<\/p>\t\t\t\t\t\t\t\t<\/div>\n\t\t\t\t<\/div>\n\t\t\t\t<div class=\"elementor-element elementor-element-0893e98 elementor-widget elementor-widget-text-editor\" data-id=\"0893e98\" data-element_type=\"widget\" data-widget_type=\"text-editor.default\">\n\t\t\t\t<div class=\"elementor-widget-container\">\n\t\t\t\t\t\t\t\t\t<p>F\u00f6ldszinti h\u00e1l\u00f3szoba (2 f\u0151 r\u00e9sz\u00e9re)<\/p><p>-francia\u00e1gy<\/p><p>-Tv, l\u00e9gkondicion\u00e1l\u00f3, ruh\u00e1sszekr\u00e9ny, minib\u00e1r<\/p><p>-Babasarok kis\u00e1ggyal<\/p>\t\t\t\t\t\t\t\t<\/div>\n\t\t\t\t<\/div>\n\t\t\t\t<div class=\"elementor-element elementor-element-5f8dd1d elementor-widget elementor-widget-text-editor\" data-id=\"5f8dd1d\" data-element_type=\"widget\" data-widget_type=\"text-editor.default\">\n\t\t\t\t<div class=\"elementor-widget-container\">\n\t\t\t\t\t\t\t\t\t<p>Emeleti h\u00e1l\u00f3t\u00e9r (2 f\u0151 r\u00e9sz\u00e9re)<\/p><p>-francia\u00e1gy<\/p>\t\t\t\t\t\t\t\t<\/div>\n\t\t\t\t<\/div>\n\t\t\t\t<div class=\"elementor-element elementor-element-cd3bf8f elementor-widget elementor-widget-text-editor\" data-id=\"cd3bf8f\" data-element_type=\"widget\" data-widget_type=\"text-editor.default\">\n\t\t\t\t<div class=\"elementor-widget-container\">\n\t\t\t\t\t\t\t\t\t<p>Nappali (2 f\u0151 r\u00e9sz\u00e9re)<\/p><p>-kih\u00fazhat\u00f3 kanap\u00e9\u00e1gy<\/p><p>-ruh\u00e1sszekr\u00e9ny, minib\u00e1r<\/p><p>-p\u00f3t\u00e1gyazhat\u00f3<\/p>\t\t\t\t\t\t\t\t<\/div>\n\t\t\t\t<\/div>\n\t\t\t\t<div class=\"elementor-element elementor-element-3db8b43 elementor-widget elementor-widget-text-editor\" data-id=\"3db8b43\" data-element_type=\"widget\" data-widget_type=\"text-editor.default\">\n\t\t\t\t<div class=\"elementor-widget-container\">\n\t\t\t\t\t\t\t\t\t<p>Reggeli:<\/p>\t\t\t\t\t\t\t\t<\/div>\n\t\t\t\t<\/div>\n\t\t\t\t<div class=\"elementor-element elementor-element-47c2d89 elementor-widget elementor-widget-text-editor\" data-id=\"47c2d89\" data-element_type=\"widget\" data-widget_type=\"text-editor.default\">\n\t\t\t\t<div class=\"elementor-widget-container\">\n\t\t\t\t\t\t\t\t\t<p style=\"font-size: 18px;font-style: normal;font-weight: 900;font-family: 'Times New Roman', sans-serif;text-align: center\"><span style=\"font-size: 18px;font-style: normal;font-weight: 900\">-2800 Ft\/f\u0151<\/span><br><\/p>\n<p style=\"font-size: 18px;font-style: normal;font-weight: 900;font-family: 'Times New Roman', sans-serif;text-align: center\">-gyerek kedvezm\u00e9ny (12 \u00e9ves korig): 2000 Ft\/f\u0151&nbsp;<\/p>\n<p style=\"font-size: 18px;font-style: normal;font-weight: 900;font-family: 'Times New Roman', sans-serif;text-align: center\">-3 \u00e9ves kor alatt INGYENES<\/p>\t\t\t\t\t\t\t\t<\/div>\n\t\t\t\t<\/div>\n\t\t\t\t<div class=\"elementor-element elementor-element-5f2bb3a elementor-widget elementor-widget-text-editor\" data-id=\"5f2bb3a\" data-element_type=\"widget\" data-widget_type=\"text-editor.default\">\n\t\t\t\t<div class=\"elementor-widget-container\">\n\t\t\t\t\t\t\t\t\t<p><span style=\"color: #ab3f3f;font-family: Georgia, sans-serif;font-size: 16px;font-style: normal;font-weight: 900;text-align: center\">A szob\u00e1k a reggeli \u00e9s az IFA \u00e1r\u00e1t(400 Ft\/f\u0151\/\u00e9j) NEM tartalmazz\u00e1k!<\/span><\/p>\t\t\t\t\t\t\t\t<\/div>\n\t\t\t\t<\/div>\n\t\t\t\t\t<\/div>\n\t\t<\/div>\n\t\t\t\t\t<\/div>\n\t\t<\/section>\n\t\t\t\t<section class=\"elementor-section elementor-top-section elementor-element elementor-element-8c7643c elementor-section-boxed elementor-section-height-default elementor-section-height-default\" data-id=\"8c7643c\" data-element_type=\"section\">\n\t\t\t\t\t\t<div class=\"elementor-container elementor-column-gap-default\">\n\t\t\t\t\t<div class=\"elementor-column elementor-col-100 elementor-top-column elementor-element elementor-element-7ee69a9\" data-id=\"7ee69a9\" data-element_type=\"column\">\n\t\t\t<div class=\"elementor-widget-wrap\">\n\t\t\t\t\t\t\t<\/div>\n\t\t<\/div>\n\t\t\t\t\t<\/div>\n\t\t<\/section>\n\t\t\t\t<section class=\"elementor-section elementor-top-section elementor-element elementor-element-7cc3a41 elementor-section-boxed elementor-section-height-default elementor-section-height-default\" data-id=\"7cc3a41\" data-element_type=\"section\">\n\t\t\t\t\t\t<div class=\"elementor-container elementor-column-gap-default\">\n\t\t\t\t\t<div class=\"elementor-column elementor-col-100 elementor-top-column elementor-element elementor-element-23217aa\" data-id=\"23217aa\" data-element_type=\"column\">\n\t\t\t<div class=\"elementor-widget-wrap elementor-element-populated\">\n\t\t\t\t\t\t<div class=\"elementor-element elementor-element-8c0d2fa elementor-widget elementor-widget-html\" data-id=\"8c0d2fa\" data-element_type=\"widget\" data-widget_type=\"html.default\">\n\t\t\t\t<div class=\"elementor-widget-container\">\n\t\t\t\t\t<div class=\"powr-comments\" id=\"ef266f41_1602492937\"><\/div>\t\t\t\t<\/div>\n\t\t\t\t<\/div>\n\t\t\t\t\t<\/div>\n\t\t<\/div>\n\t\t\t\t\t<\/div>\n\t\t<\/section>\n\t\t\t\t<\/div>\n\t\t","protected":false},"excerpt":{"rendered":"<p>Grand apartman El\u0151z\u0151 K\u00f6vetkez\u0151 Szoba alapter\u00fclete: min. 40 m2. 3 h\u00e1l\u00f3r\u00e9sz(6 f\u0151 r\u00e9sz\u00e9re) Felszerelt\u00e9g: F\u00f6ldszinti h\u00e1l\u00f3szoba (2 f\u0151 r\u00e9sz\u00e9re) -francia\u00e1gy -Tv, l\u00e9gkondicion\u00e1l\u00f3, ruh\u00e1sszekr\u00e9ny, minib\u00e1r -Babasarok kis\u00e1ggyal Emeleti h\u00e1l\u00f3t\u00e9r (2 f\u0151 r\u00e9sz\u00e9re) -francia\u00e1gy Nappali (2 f\u0151 r\u00e9sz\u00e9re) -kih\u00fazhat\u00f3 kanap\u00e9\u00e1gy -ruh\u00e1sszekr\u00e9ny, minib\u00e1r -p\u00f3t\u00e1gyazhat\u00f3 Reggeli: -2800 Ft\/f\u0151 -gyerek kedvezm\u00e9ny (12 \u00e9ves korig): 2000 Ft\/f\u0151&nbsp; -3 \u00e9ves kor alatt [&hellip;]<\/p>\n","protected":false},"author":1,"featured_media":0,"parent":0,"menu_order":0,"comment_status":"closed","ping_status":"closed","template":"","meta":{"site-sidebar-layout":"no-sidebar","site-content-layout":"page-builder","ast-site-content-layout":"default","site-content-style":"default","site-sidebar-style":"default","ast-global-header-display":"","ast-banner-title-visibility":"","ast-main-header-display":"","ast-hfb-above-header-display":"","ast-hfb-below-header-display":"","ast-hfb-mobile-header-display":"","site-post-title":"disabled","ast-breadcrumbs-content":"","ast-featured-img":"disabled","footer-sml-layout":"","theme-transparent-header-meta":"default","adv-header-id-meta":"","stick-header-meta":"","header-above-stick-meta":"","header-main-stick-meta":"","header-below-stick-meta":"","astra-migrate-meta-layouts":"default","ast-page-background-enabled":"default","ast-page-background-meta":{"desktop":{"background-color":"","background-image":"","background-repeat":"repeat","background-position":"center center","background-size":"auto","background-attachment":"scroll","background-type":"","background-media":"","overlay-type":"","overlay-color":"","overlay-opacity":"","overlay-gradient":""},"tablet":{"background-color":"","background-image":"","background-repeat":"repeat","background-position":"center center","background-size":"auto","background-attachment":"scroll","background-type":"","background-media":"","overlay-type":"","overlay-color":"","overlay-opacity":"","overlay-gradient":""},"mobile":{"background-color":"","background-image":"","background-repeat":"repeat","background-position":"center center","background-size":"auto","background-attachment":"scroll","background-type":"","background-media":"","overlay-type":"","overlay-color":"","overlay-opacity":"","overlay-gradient":""}},"ast-content-background-meta":{"desktop":{"background-color":"var(--ast-global-color-5)","background-image":"","background-repeat":"repeat","background-position":"center center","background-size":"auto","background-attachment":"scroll","background-type":"","background-media":"","overlay-type":"","overlay-color":"","overlay-opacity":"","overlay-gradient":""},"tablet":{"background-color":"var(--ast-global-color-5)","background-image":"","background-repeat":"repeat","background-position":"center center","background-size":"auto","background-attachment":"scroll","background-type":"","background-media":"","overlay-type":"","overlay-color":"","overlay-opacity":"","overlay-gradient":""},"mobile":{"background-color":"var(--ast-global-color-5)","background-image":"","background-repeat":"repeat","background-position":"center center","background-size":"auto","background-attachment":"scroll","background-type":"","background-media":"","overlay-type":"","overlay-color":"","overlay-opacity":"","overlay-gradient":""}},"footnotes":""},"class_list":["post-601","page","type-page","status-publish","hentry"],"jetpack_sharing_enabled":true,"_links":{"self":[{"href":"https:\/\/panziocentrum.hu\/index.php?rest_route=\/wp\/v2\/pages\/601","targetHints":{"allow":["GET"]}}],"collection":[{"href":"https:\/\/panziocentrum.hu\/index.php?rest_route=\/wp\/v2\/pages"}],"about":[{"href":"https:\/\/panziocentrum.hu\/index.php?rest_route=\/wp\/v2\/types\/page"}],"author":[{"embeddable":true,"href":"https:\/\/panziocentrum.hu\/index.php?rest_route=\/wp\/v2\/users\/1"}],"replies":[{"embeddable":true,"href":"https:\/\/panziocentrum.hu\/index.php?rest_route=%2Fwp%2Fv2%2Fcomments&post=601"}],"version-history":[{"count":24,"href":"https:\/\/panziocentrum.hu\/index.php?rest_route=\/wp\/v2\/pages\/601\/revisions"}],"predecessor-version":[{"id":1333,"href":"https:\/\/panziocentrum.hu\/index.php?rest_route=\/wp\/v2\/pages\/601\/revisions\/1333"}],"wp:attachment":[{"href":"https:\/\/panziocentrum.hu\/index.php?rest_route=%2Fwp%2Fv2%2Fmedia&parent=601"}],"curies":[{"name":"wp","href":"https:\/\/api.w.org\/{rel}","templated":true}]}}