{"id":673,"date":"2020-11-09T07:33:03","date_gmt":"2020-11-09T07:33:03","guid":{"rendered":"http:\/\/panziocentrum.hu\/?page_id=673"},"modified":"2024-04-15T16:44:42","modified_gmt":"2024-04-15T15:44:42","slug":"elementor-673","status":"publish","type":"page","link":"https:\/\/panziocentrum.hu\/?page_id=673","title":{"rendered":"Tematikus rendezv\u00e9nyeink"},"content":{"rendered":"\t\t<div data-elementor-type=\"wp-page\" data-elementor-id=\"673\" class=\"elementor elementor-673\">\n\t\t\t\t\t\t<section class=\"elementor-section elementor-top-section elementor-element elementor-element-caee910 elementor-section-boxed elementor-section-height-default elementor-section-height-default\" data-id=\"caee910\" data-element_type=\"section\">\n\t\t\t\t\t\t<div class=\"elementor-container elementor-column-gap-default\">\n\t\t\t\t\t<div class=\"elementor-column elementor-col-100 elementor-top-column elementor-element elementor-element-f410583\" data-id=\"f410583\" data-element_type=\"column\">\n\t\t\t<div class=\"elementor-widget-wrap elementor-element-populated\">\n\t\t\t\t\t\t<div class=\"elementor-element elementor-element-8feb1e2 elementor-widget elementor-widget-text-editor\" data-id=\"8feb1e2\" data-element_type=\"widget\" data-widget_type=\"text-editor.default\">\n\t\t\t\t<div class=\"elementor-widget-container\">\n\t\t\t\t\t\t\t\t\t<p>Rendezv\u00e9nyeink<\/p>\t\t\t\t\t\t\t\t<\/div>\n\t\t\t\t<\/div>\n\t\t\t\t<div class=\"elementor-element elementor-element-f088c39 elementor-widget elementor-widget-heading\" data-id=\"f088c39\" data-element_type=\"widget\" data-widget_type=\"heading.default\">\n\t\t\t\t<div class=\"elementor-widget-container\">\n\t\t\t\t\t<h2 class=\"elementor-heading-title elementor-size-default\">Halloween Party <\/h2>\t\t\t\t<\/div>\n\t\t\t\t<\/div>\n\t\t\t\t\t<\/div>\n\t\t<\/div>\n\t\t\t\t\t<\/div>\n\t\t<\/section>\n\t\t\t\t<section class=\"elementor-section elementor-top-section elementor-element elementor-element-5447940 elementor-section-boxed elementor-section-height-default elementor-section-height-default\" data-id=\"5447940\" data-element_type=\"section\">\n\t\t\t\t\t\t<div class=\"elementor-container elementor-column-gap-default\">\n\t\t\t\t\t<div class=\"elementor-column elementor-col-100 elementor-top-column elementor-element elementor-element-317d8ed\" data-id=\"317d8ed\" data-element_type=\"column\">\n\t\t\t<div class=\"elementor-widget-wrap elementor-element-populated\">\n\t\t\t\t\t\t<div class=\"elementor-element elementor-element-6d59b80 elementor-widget elementor-widget-image\" data-id=\"6d59b80\" data-element_type=\"widget\" data-widget_type=\"image.default\">\n\t\t\t\t<div class=\"elementor-widget-container\">\n\t\t\t\t\t\t\t\t\t\t\t\t\t\t\t<img fetchpriority=\"high\" decoding=\"async\" width=\"212\" height=\"300\" src=\"https:\/\/panziocentrum.hu\/wp-content\/uploads\/2024\/04\/2023-Halloween-212x300.png\" class=\"attachment-medium size-medium wp-image-1466\" alt=\"\" srcset=\"https:\/\/panziocentrum.hu\/wp-content\/uploads\/2024\/04\/2023-Halloween-212x300.png 212w, https:\/\/panziocentrum.hu\/wp-content\/uploads\/2024\/04\/2023-Halloween-724x1024.png 724w, https:\/\/panziocentrum.hu\/wp-content\/uploads\/2024\/04\/2023-Halloween-768x1086.png 768w, https:\/\/panziocentrum.hu\/wp-content\/uploads\/2024\/04\/2023-Halloween-1086x1536.png 1086w, https:\/\/panziocentrum.hu\/wp-content\/uploads\/2024\/04\/2023-Halloween-1448x2048.png 1448w, https:\/\/panziocentrum.hu\/wp-content\/uploads\/2024\/04\/2023-Halloween.png 1587w\" sizes=\"(max-width: 212px) 100vw, 212px\" \/>\t\t\t\t\t\t\t\t\t\t\t\t\t\t\t<\/div>\n\t\t\t\t<\/div>\n\t\t\t\t\t<\/div>\n\t\t<\/div>\n\t\t\t\t\t<\/div>\n\t\t<\/section>\n\t\t\t\t<section class=\"elementor-section elementor-top-section elementor-element elementor-element-e95cad2 elementor-section-boxed elementor-section-height-default elementor-section-height-default\" data-id=\"e95cad2\" data-element_type=\"section\">\n\t\t\t\t\t\t<div class=\"elementor-container elementor-column-gap-default\">\n\t\t\t\t\t<div class=\"elementor-column elementor-col-100 elementor-top-column elementor-element elementor-element-3b9c15d\" data-id=\"3b9c15d\" data-element_type=\"column\">\n\t\t\t<div class=\"elementor-widget-wrap elementor-element-populated\">\n\t\t\t\t\t\t<div class=\"elementor-element elementor-element-104de25 elementor-widget elementor-widget-heading\" data-id=\"104de25\" data-element_type=\"widget\" data-widget_type=\"heading.default\">\n\t\t\t\t<div class=\"elementor-widget-container\">\n\t\t\t\t\t<h2 class=\"elementor-heading-title elementor-size-default\"><p>Sz\u00fclinapi zs\u00far<span style=\"font-size: 40px;font-weight: 800\"><\/span><\/p><\/h2>\t\t\t\t<\/div>\n\t\t\t\t<\/div>\n\t\t\t\t\t<\/div>\n\t\t<\/div>\n\t\t\t\t\t<\/div>\n\t\t<\/section>\n\t\t\t\t<section class=\"elementor-section elementor-top-section elementor-element elementor-element-c6345cb elementor-section-boxed elementor-section-height-default elementor-section-height-default\" data-id=\"c6345cb\" data-element_type=\"section\">\n\t\t\t\t\t\t<div class=\"elementor-container elementor-column-gap-default\">\n\t\t\t\t\t<div class=\"elementor-column elementor-col-100 elementor-top-column elementor-element elementor-element-f4dca6a\" data-id=\"f4dca6a\" data-element_type=\"column\">\n\t\t\t<div class=\"elementor-widget-wrap elementor-element-populated\">\n\t\t\t\t\t\t<div class=\"elementor-element elementor-element-d85ab67 elementor-widget elementor-widget-image\" data-id=\"d85ab67\" data-element_type=\"widget\" data-widget_type=\"image.default\">\n\t\t\t\t<div class=\"elementor-widget-container\">\n\t\t\t\t\t\t\t\t\t\t\t\t\t\t\t<img decoding=\"async\" width=\"212\" height=\"300\" src=\"https:\/\/panziocentrum.hu\/wp-content\/uploads\/2024\/04\/Szulinap-212x300.png\" class=\"attachment-medium size-medium wp-image-1467\" alt=\"\" srcset=\"https:\/\/panziocentrum.hu\/wp-content\/uploads\/2024\/04\/Szulinap-212x300.png 212w, https:\/\/panziocentrum.hu\/wp-content\/uploads\/2024\/04\/Szulinap-724x1024.png 724w, https:\/\/panziocentrum.hu\/wp-content\/uploads\/2024\/04\/Szulinap-768x1086.png 768w, https:\/\/panziocentrum.hu\/wp-content\/uploads\/2024\/04\/Szulinap-1086x1536.png 1086w, https:\/\/panziocentrum.hu\/wp-content\/uploads\/2024\/04\/Szulinap-1448x2048.png 1448w, https:\/\/panziocentrum.hu\/wp-content\/uploads\/2024\/04\/Szulinap.png 1587w\" sizes=\"(max-width: 212px) 100vw, 212px\" \/>\t\t\t\t\t\t\t\t\t\t\t\t\t\t\t<\/div>\n\t\t\t\t<\/div>\n\t\t\t\t<div class=\"elementor-element elementor-element-178c3ae elementor-widget elementor-widget-heading\" data-id=\"178c3ae\" data-element_type=\"widget\" data-widget_type=\"heading.default\">\n\t\t\t\t<div class=\"elementor-widget-container\">\n\t\t\t\t\t<h2 class=\"elementor-heading-title elementor-size-default\">H\u00fasv\u00e9t<\/h2>\t\t\t\t<\/div>\n\t\t\t\t<\/div>\n\t\t\t\t<div class=\"elementor-element elementor-element-9da96b4 elementor-widget elementor-widget-image\" data-id=\"9da96b4\" data-element_type=\"widget\" data-widget_type=\"image.default\">\n\t\t\t\t<div class=\"elementor-widget-container\">\n\t\t\t\t\t\t\t\t\t\t\t\t\t\t\t<img decoding=\"async\" width=\"212\" height=\"300\" src=\"https:\/\/panziocentrum.hu\/wp-content\/uploads\/2024\/04\/Easter-212x300.png\" class=\"attachment-medium size-medium wp-image-1472\" alt=\"\" srcset=\"https:\/\/panziocentrum.hu\/wp-content\/uploads\/2024\/04\/Easter-212x300.png 212w, https:\/\/panziocentrum.hu\/wp-content\/uploads\/2024\/04\/Easter-724x1024.png 724w, https:\/\/panziocentrum.hu\/wp-content\/uploads\/2024\/04\/Easter-768x1086.png 768w, https:\/\/panziocentrum.hu\/wp-content\/uploads\/2024\/04\/Easter-1086x1536.png 1086w, https:\/\/panziocentrum.hu\/wp-content\/uploads\/2024\/04\/Easter-1448x2048.png 1448w, https:\/\/panziocentrum.hu\/wp-content\/uploads\/2024\/04\/Easter.png 1587w\" sizes=\"(max-width: 212px) 100vw, 212px\" \/>\t\t\t\t\t\t\t\t\t\t\t\t\t\t\t<\/div>\n\t\t\t\t<\/div>\n\t\t\t\t\t<\/div>\n\t\t<\/div>\n\t\t\t\t\t<\/div>\n\t\t<\/section>\n\t\t\t\t<section class=\"elementor-section elementor-top-section elementor-element elementor-element-341621b elementor-section-boxed elementor-section-height-default elementor-section-height-default\" data-id=\"341621b\" data-element_type=\"section\">\n\t\t\t\t\t\t<div class=\"elementor-container elementor-column-gap-default\">\n\t\t\t\t\t<div class=\"elementor-column elementor-col-100 elementor-top-column elementor-element elementor-element-1407794\" data-id=\"1407794\" data-element_type=\"column\">\n\t\t\t<div class=\"elementor-widget-wrap\">\n\t\t\t\t\t\t\t<\/div>\n\t\t<\/div>\n\t\t\t\t\t<\/div>\n\t\t<\/section>\n\t\t\t\t<section class=\"elementor-section elementor-top-section elementor-element elementor-element-4724fb8 elementor-section-boxed elementor-section-height-default elementor-section-height-default\" data-id=\"4724fb8\" data-element_type=\"section\">\n\t\t\t\t\t\t<div class=\"elementor-container elementor-column-gap-default\">\n\t\t\t\t\t<div class=\"elementor-column elementor-col-100 elementor-top-column elementor-element elementor-element-a8844e8\" data-id=\"a8844e8\" data-element_type=\"column\">\n\t\t\t<div class=\"elementor-widget-wrap\">\n\t\t\t\t\t\t\t<\/div>\n\t\t<\/div>\n\t\t\t\t\t<\/div>\n\t\t<\/section>\n\t\t\t\t<\/div>\n\t\t","protected":false},"excerpt":{"rendered":"<p>Rendezv\u00e9nyeink Halloween Party Sz\u00fclinapi zs\u00far H\u00fasv\u00e9t<\/p>\n","protected":false},"author":1,"featured_media":0,"parent":0,"menu_order":0,"comment_status":"closed","ping_status":"closed","template":"","meta":{"site-sidebar-layout":"no-sidebar","site-content-layout":"page-builder","ast-site-content-layout":"default","site-content-style":"default","site-sidebar-style":"default","ast-global-header-display":"","ast-banner-title-visibility":"","ast-main-header-display":"","ast-hfb-above-header-display":"","ast-hfb-below-header-display":"","ast-hfb-mobile-header-display":"","site-post-title":"disabled","ast-breadcrumbs-content":"","ast-featured-img":"disabled","footer-sml-layout":"","theme-transparent-header-meta":"default","adv-header-id-meta":"","stick-header-meta":"","header-above-stick-meta":"","header-main-stick-meta":"","header-below-stick-meta":"","astra-migrate-meta-layouts":"default","ast-page-background-enabled":"default","ast-page-background-meta":{"desktop":{"background-color":"","background-image":"","background-repeat":"repeat","background-position":"center center","background-size":"auto","background-attachment":"scroll","background-type":"","background-media":"","overlay-type":"","overlay-color":"","overlay-opacity":"","overlay-gradient":""},"tablet":{"background-color":"","background-image":"","background-repeat":"repeat","background-position":"center center","background-size":"auto","background-attachment":"scroll","background-type":"","background-media":"","overlay-type":"","overlay-color":"","overlay-opacity":"","overlay-gradient":""},"mobile":{"background-color":"","background-image":"","background-repeat":"repeat","background-position":"center center","background-size":"auto","background-attachment":"scroll","background-type":"","background-media":"","overlay-type":"","overlay-color":"","overlay-opacity":"","overlay-gradient":""}},"ast-content-background-meta":{"desktop":{"background-color":"var(--ast-global-color-5)","background-image":"","background-repeat":"repeat","background-position":"center center","background-size":"auto","background-attachment":"scroll","background-type":"","background-media":"","overlay-type":"","overlay-color":"","overlay-opacity":"","overlay-gradient":""},"tablet":{"background-color":"var(--ast-global-color-5)","background-image":"","background-repeat":"repeat","background-position":"center center","background-size":"auto","background-attachment":"scroll","background-type":"","background-media":"","overlay-type":"","overlay-color":"","overlay-opacity":"","overlay-gradient":""},"mobile":{"background-color":"var(--ast-global-color-5)","background-image":"","background-repeat":"repeat","background-position":"center center","background-size":"auto","background-attachment":"scroll","background-type":"","background-media":"","overlay-type":"","overlay-color":"","overlay-opacity":"","overlay-gradient":""}},"footnotes":""},"class_list":["post-673","page","type-page","status-publish","hentry"],"jetpack_sharing_enabled":true,"_links":{"self":[{"href":"https:\/\/panziocentrum.hu\/index.php?rest_route=\/wp\/v2\/pages\/673","targetHints":{"allow":["GET"]}}],"collection":[{"href":"https:\/\/panziocentrum.hu\/index.php?rest_route=\/wp\/v2\/pages"}],"about":[{"href":"https:\/\/panziocentrum.hu\/index.php?rest_route=\/wp\/v2\/types\/page"}],"author":[{"embeddable":true,"href":"https:\/\/panziocentrum.hu\/index.php?rest_route=\/wp\/v2\/users\/1"}],"replies":[{"embeddable":true,"href":"https:\/\/panziocentrum.hu\/index.php?rest_route=%2Fwp%2Fv2%2Fcomments&post=673"}],"version-history":[{"count":38,"href":"https:\/\/panziocentrum.hu\/index.php?rest_route=\/wp\/v2\/pages\/673\/revisions"}],"predecessor-version":[{"id":1478,"href":"https:\/\/panziocentrum.hu\/index.php?rest_route=\/wp\/v2\/pages\/673\/revisions\/1478"}],"wp:attachment":[{"href":"https:\/\/panziocentrum.hu\/index.php?rest_route=%2Fwp%2Fv2%2Fmedia&parent=673"}],"curies":[{"name":"wp","href":"https:\/\/api.w.org\/{rel}","templated":true}]}}